{"id":8128,"date":"2024-11-02T18:39:02","date_gmt":"2024-11-02T17:39:02","guid":{"rendered":"https:\/\/blsconsult.com\/?page_id=8128"},"modified":"2025-10-08T19:33:30","modified_gmt":"2025-10-08T17:33:30","slug":"amazon-service-cart","status":"publish","type":"page","link":"https:\/\/blsconsult.com\/de\/amazon-service-cart\/","title":{"rendered":"Amazon Service Cart &amp; Consultation"},"content":{"rendered":"\t\t<div data-elementor-type=\"wp-page\" data-elementor-id=\"8128\" class=\"elementor elementor-8128\" data-elementor-post-type=\"page\">\n\t\t\t\t<div data-particle_enable=\"false\" data-particle-mobile-disabled=\"false\" class=\"elementor-element elementor-element-bbe666f e-flex e-con-boxed wpr-particle-no wpr-jarallax-no wpr-parallax-no wpr-sticky-section-no wpr-equal-height-no e-con e-parent\" data-id=\"bbe666f\" data-element_type=\"container\" data-e-type=\"container\" data-settings=\"{&quot;background_background&quot;:&quot;classic&quot;}\">\n\t\t\t\t\t<div class=\"e-con-inner\">\n\t\t\t\t\t<\/div>\n\t\t\t\t<\/div>\n\t\t<div data-particle_enable=\"false\" data-particle-mobile-disabled=\"false\" class=\"elementor-element elementor-element-c1db1e1 e-flex e-con-boxed wpr-particle-no wpr-jarallax-no wpr-parallax-no wpr-sticky-section-no wpr-equal-height-no e-con e-parent\" data-id=\"c1db1e1\" data-element_type=\"container\" data-e-type=\"container\">\n\t\t\t\t\t<div class=\"e-con-inner\">\n\t\t\t\t<div class=\"elementor-element elementor-element-ba55377 elementor-widget elementor-widget-spacer\" data-id=\"ba55377\" data-element_type=\"widget\" data-e-type=\"widget\" data-widget_type=\"spacer.default\">\n\t\t\t\t<div class=\"elementor-widget-container\">\n\t\t\t\t\t\t\t<div class=\"elementor-spacer\">\n\t\t\t<div class=\"elementor-spacer-inner\"><\/div>\n\t\t<\/div>\n\t\t\t\t\t\t<\/div>\n\t\t\t\t<\/div>\n\t\t\t\t\t<\/div>\n\t\t\t\t<\/div>\n\t\t<div data-particle_enable=\"false\" data-particle-mobile-disabled=\"false\" class=\"elementor-element elementor-element-5930697 e-flex e-con-boxed wpr-particle-no wpr-jarallax-no wpr-parallax-no wpr-sticky-section-no wpr-equal-height-no e-con e-parent\" data-id=\"5930697\" data-element_type=\"container\" data-e-type=\"container\">\n\t\t\t\t\t<div class=\"e-con-inner\">\n\t\t\t\t<div class=\"elementor-element elementor-element-af87d60 elementor-widget elementor-widget-heading\" data-id=\"af87d60\" data-element_type=\"widget\" data-e-type=\"widget\" data-widget_type=\"heading.default\">\n\t\t\t\t<div class=\"elementor-widget-container\">\n\t\t\t\t\t<h1 class=\"elementor-heading-title elementor-size-default\">Amazon Service Cart &amp; Meeting Schedule<\/h1>\t\t\t\t<\/div>\n\t\t\t\t<\/div>\n\t\t\t\t<div class=\"elementor-element elementor-element-105091b elementor-widget elementor-widget-text-editor\" data-id=\"105091b\" data-element_type=\"widget\" data-e-type=\"widget\" data-widget_type=\"text-editor.default\">\n\t\t\t\t<div class=\"elementor-widget-container\">\n\t\t\t\t\t\t\t\t\t<div class=\"flex max-w-full flex-col flex-grow\"><div class=\"min-h-8 text-message flex w-full flex-col items-end gap-2 whitespace-normal break-words [.text-message+&amp;]:mt-5\" dir=\"auto\" data-message-author-role=\"assistant\" data-message-id=\"e458d079-bdd5-4eb3-b02d-93f98539c1fe\" data-message-model-slug=\"gpt-4o-mini\"><div class=\"flex w-full flex-col gap-1 empty:hidden first:pt-[3px]\"><div class=\"markdown prose w-full break-words dark:prose-invert dark\"><p>Select the services you need from our available Amazon offerings and schedule a consultation at your convenience. Choose a date and time that works for you, review your order summary, and proceed to finalize your selection. This page allows you to easily organize your Amazon service needs and set up a meeting to discuss how we can help boost your sales.<\/p><\/div><\/div><\/div><\/div>\t\t\t\t\t\t\t\t<\/div>\n\t\t\t\t<\/div>\n\t\t\t\t\t<\/div>\n\t\t\t\t<\/div>\n\t\t<div data-particle_enable=\"false\" data-particle-mobile-disabled=\"false\" class=\"elementor-element elementor-element-95d6dd9 e-flex e-con-boxed wpr-particle-no wpr-jarallax-no wpr-parallax-no wpr-sticky-section-no wpr-equal-height-no e-con e-parent\" data-id=\"95d6dd9\" data-element_type=\"container\" data-e-type=\"container\">\n\t\t\t\t\t<div class=\"e-con-inner\">\n\t\t\t\t<div class=\"elementor-element elementor-element-9c8a13b elementor-widget elementor-widget-spacer\" data-id=\"9c8a13b\" data-element_type=\"widget\" data-e-type=\"widget\" data-widget_type=\"spacer.default\">\n\t\t\t\t<div class=\"elementor-widget-container\">\n\t\t\t\t\t\t\t<div class=\"elementor-spacer\">\n\t\t\t<div class=\"elementor-spacer-inner\"><\/div>\n\t\t<\/div>\n\t\t\t\t\t\t<\/div>\n\t\t\t\t<\/div>\n\t\t\t\t\t<\/div>\n\t\t\t\t<\/div>\n\t\t<div data-particle_enable=\"false\" data-particle-mobile-disabled=\"false\" class=\"elementor-element elementor-element-ad9c9d1 e-flex e-con-boxed wpr-particle-no wpr-jarallax-no wpr-parallax-no wpr-sticky-section-no wpr-equal-height-no e-con e-parent\" data-id=\"ad9c9d1\" data-element_type=\"container\" data-e-type=\"container\">\n\t\t\t\t\t<div class=\"e-con-inner\">\n\t\t\t\t<div class=\"elementor-element elementor-element-1673ffa elementor-widget elementor-widget-shortcode\" data-id=\"1673ffa\" data-element_type=\"widget\" data-e-type=\"widget\" data-widget_type=\"shortcode.default\">\n\t\t\t\t<div class=\"elementor-widget-container\">\n\t\t\t\t\t<script type=\"text\/javascript\">window[\"ccb_front_template_8124\"] = {\"cf7_form\":\"\\n<div class=\\\"wpcf7 no-js\\\" id=\\\"wpcf7-f8127-o1\\\" lang=\\\"en-US\\\" dir=\\\"ltr\\\" data-wpcf7-id=\\\"8127\\\">\\n<div class=\\\"screen-reader-response\\\"><p role=\\\"status\\\" aria-live=\\\"polite\\\" aria-atomic=\\\"true\\\"><\\\/p> <ul><\\\/ul><\\\/div>\\n<form action=\\\"\\\/de\\\/wp-json\\\/wp\\\/v2\\\/pages\\\/8128#wpcf7-f8127-o1\\\" method=\\\"post\\\" class=\\\"wpcf7-form init\\\" aria-label=\\\"Contact form\\\" novalidate=\\\"novalidate\\\" data-status=\\\"init\\\">\\n<fieldset class=\\\"hidden-fields-container\\\"><input type=\\\"hidden\\\" name=\\\"_wpcf7\\\" value=\\\"8127\\\" \\\/><input type=\\\"hidden\\\" name=\\\"_wpcf7_version\\\" value=\\\"6.1.4\\\" \\\/><input type=\\\"hidden\\\" name=\\\"_wpcf7_locale\\\" value=\\\"en_US\\\" \\\/><input type=\\\"hidden\\\" name=\\\"_wpcf7_unit_tag\\\" value=\\\"wpcf7-f8127-o1\\\" \\\/><input type=\\\"hidden\\\" name=\\\"_wpcf7_container_post\\\" value=\\\"0\\\" \\\/><input type=\\\"hidden\\\" name=\\\"_wpcf7_posted_data_hash\\\" value=\\\"\\\" \\\/><input type=\\\"hidden\\\" name=\\\"_wpcf7_recaptcha_response\\\" value=\\\"\\\" \\\/>\\n<\\\/fieldset>\\n<p><span class=\\\"wpcf7-form-control-wrap\\\" data-name=\\\"first-name\\\"><input size=\\\"40\\\" maxlength=\\\"400\\\" class=\\\"wpcf7-form-control wpcf7-text wpcf7-validates-as-required\\\" aria-required=\\\"true\\\" aria-invalid=\\\"false\\\" placeholder=\\\"First Name\\\" value=\\\"\\\" type=\\\"text\\\" name=\\\"first-name\\\" \\\/><\\\/span><br \\\/>\\n<span class=\\\"wpcf7-form-control-wrap\\\" data-name=\\\"last-name\\\"><input size=\\\"40\\\" maxlength=\\\"400\\\" class=\\\"wpcf7-form-control wpcf7-text wpcf7-validates-as-required\\\" aria-required=\\\"true\\\" aria-invalid=\\\"false\\\" placeholder=\\\"Last Name\\\" value=\\\"\\\" type=\\\"text\\\" name=\\\"last-name\\\" \\\/><\\\/span><br \\\/>\\n<span class=\\\"wpcf7-form-control-wrap\\\" data-name=\\\"phone-number\\\"><input size=\\\"40\\\" maxlength=\\\"400\\\" class=\\\"wpcf7-form-control wpcf7-tel wpcf7-validates-as-required wpcf7-text wpcf7-validates-as-tel\\\" aria-required=\\\"true\\\" aria-invalid=\\\"false\\\" placeholder=\\\"Phone Number\\\" value=\\\"\\\" type=\\\"tel\\\" name=\\\"phone-number\\\" \\\/><\\\/span><br \\\/>\\n<span class=\\\"wpcf7-form-control-wrap\\\" data-name=\\\"email\\\"><input size=\\\"40\\\" maxlength=\\\"400\\\" class=\\\"wpcf7-form-control wpcf7-email wpcf7-validates-as-required wpcf7-text wpcf7-validates-as-email\\\" aria-required=\\\"true\\\" aria-invalid=\\\"false\\\" placeholder=\\\"Email\\\" value=\\\"\\\" type=\\\"email\\\" name=\\\"email\\\" \\\/><\\\/span><br \\\/>\\n<span class=\\\"wpcf7-form-control-wrap\\\" data-name=\\\"amazon-store-link\\\"><input size=\\\"40\\\" maxlength=\\\"400\\\" class=\\\"wpcf7-form-control wpcf7-url wpcf7-text wpcf7-validates-as-url\\\" aria-invalid=\\\"false\\\" placeholder=\\\"Amazon Store Link (Optional)\\\" value=\\\"\\\" type=\\\"url\\\" name=\\\"amazon-store-link\\\" \\\/><\\\/span><br \\\/>\\n<span class=\\\"wpcf7-form-control-wrap\\\" data-name=\\\"sample-link\\\"><input size=\\\"40\\\" maxlength=\\\"400\\\" class=\\\"wpcf7-form-control wpcf7-url wpcf7-text wpcf7-validates-as-url\\\" aria-invalid=\\\"false\\\" placeholder=\\\"Sample Link (A+ Content)\\\" value=\\\"\\\" type=\\\"url\\\" name=\\\"sample-link\\\" \\\/><\\\/span><br \\\/>\\n<span class=\\\"wpcf7-form-control-wrap\\\" data-name=\\\"company-details\\\"><textarea cols=\\\"40\\\" rows=\\\"10\\\" maxlength=\\\"2000\\\" class=\\\"wpcf7-form-control wpcf7-textarea wpcf7-validates-as-required\\\" aria-required=\\\"true\\\" aria-invalid=\\\"false\\\" placeholder=\\\"Your Company Details\\\" name=\\\"company-details\\\"><\\\/textarea><\\\/span>\\n<\\\/p>\\n<p><input class=\\\"wpcf7-form-control wpcf7-submit has-spinner\\\" type=\\\"submit\\\" value=\\\"Submit\\\" \\\/>\\n<\\\/p><div class=\\\"wpcf7-response-output\\\" aria-hidden=\\\"true\\\"><\\\/div>\\n<\\\/form>\\n<\\\/div>\\n\"};<\/script>\t\t<div class=\"elementor-shortcode\">\n<div class=\"ccb-main-widget \" id=\"ccb_app_8124\" data-calc-id=\"8124\"><\/div>\n<\/div>\n\t\t\t\t\t\t<\/div>\n\t\t\t\t<\/div>\n\t\t\t\t\t<\/div>\n\t\t\t\t<\/div>\n\t\t<div data-particle_enable=\"false\" data-particle-mobile-disabled=\"false\" class=\"elementor-element elementor-element-0c135e5 e-flex e-con-boxed wpr-particle-no wpr-jarallax-no wpr-parallax-no wpr-sticky-section-no wpr-equal-height-no e-con e-parent\" data-id=\"0c135e5\" data-element_type=\"container\" data-e-type=\"container\">\n\t\t\t\t\t<div class=\"e-con-inner\">\n\t\t\t\t<div class=\"elementor-element elementor-element-00e2f36 elementor-widget elementor-widget-spacer\" data-id=\"00e2f36\" data-element_type=\"widget\" data-e-type=\"widget\" data-widget_type=\"spacer.default\">\n\t\t\t\t<div class=\"elementor-widget-container\">\n\t\t\t\t\t\t\t<div class=\"elementor-spacer\">\n\t\t\t<div class=\"elementor-spacer-inner\"><\/div>\n\t\t<\/div>\n\t\t\t\t\t\t<\/div>\n\t\t\t\t<\/div>\n\t\t\t\t\t<\/div>\n\t\t\t\t<\/div>\n\t\t\t\t<\/div>\n\t\t","protected":false},"excerpt":{"rendered":"<p>Amazon Service Cart &amp; Meeting Schedule Select the services you need from our available Amazon offerings and schedule a consultation at your convenience. Choose a date and time that works for you, review your order summary, and proceed to finalize your selection. This page allows you to easily organize your Amazon service needs and set up a meeting to discuss how we can help boost your sales.<\/p>","protected":false},"author":2,"featured_media":0,"parent":0,"menu_order":0,"comment_status":"closed","ping_status":"closed","template":"","meta":{"site-sidebar-layout":"no-sidebar","site-content-layout":"page-builder","ast-site-content-layout":"full-width-container","site-content-style":"default","site-sidebar-style":"default","ast-global-header-display":"","ast-banner-title-visibility":"","ast-main-header-display":"","ast-hfb-above-header-display":"","ast-hfb-below-header-display":"","ast-hfb-mobile-header-display":"","site-post-title":"disabled","ast-breadcrumbs-content":"","ast-featured-img":"disabled","footer-sml-layout":"","ast-disable-related-posts":"","theme-transparent-header-meta":"","adv-header-id-meta":"","stick-header-meta":"","header-above-stick-meta":"","header-main-stick-meta":"","header-below-stick-meta":"","astra-migrate-meta-layouts":"set","ast-page-background-enabled":"default","ast-page-background-meta":{"desktop":{"background-color":"","background-image":"","background-repeat":"repeat","background-position":"center center","background-size":"auto","background-attachment":"scroll","background-type":"","background-media":"","overlay-type":"","overlay-color":"","overlay-opacity":"","overlay-gradient":""},"tablet":{"background-color":"","background-image":"","background-repeat":"repeat","background-position":"center center","background-size":"auto","background-attachment":"scroll","background-type":"","background-media":"","overlay-type":"","overlay-color":"","overlay-opacity":"","overlay-gradient":""},"mobile":{"background-color":"","background-image":"","background-repeat":"repeat","background-position":"center center","background-size":"auto","background-attachment":"scroll","background-type":"","background-media":"","overlay-type":"","overlay-color":"","overlay-opacity":"","overlay-gradient":""}},"ast-content-background-meta":{"desktop":{"background-color":"var(--ast-global-color-5)","background-image":"","background-repeat":"repeat","background-position":"center center","background-size":"auto","background-attachment":"scroll","background-type":"","background-media":"","overlay-type":"","overlay-color":"","overlay-opacity":"","overlay-gradient":""},"tablet":{"background-color":"var(--ast-global-color-5)","background-image":"","background-repeat":"repeat","background-position":"center center","background-size":"auto","background-attachment":"scroll","background-type":"","background-media":"","overlay-type":"","overlay-color":"","overlay-opacity":"","overlay-gradient":""},"mobile":{"background-color":"var(--ast-global-color-5)","background-image":"","background-repeat":"repeat","background-position":"center center","background-size":"auto","background-attachment":"scroll","background-type":"","background-media":"","overlay-type":"","overlay-color":"","overlay-opacity":"","overlay-gradient":""}},"footnotes":""},"class_list":["post-8128","page","type-page","status-publish","hentry"],"yoast_head":"<!-- This site is optimized with the Yoast SEO Premium plugin v26.0 (Yoast SEO v27.4) - https:\/\/yoast.com\/product\/yoast-seo-premium-wordpress\/ -->\n<title>Amazon Service Cart &amp; Consultation - BLS Consulting<\/title>\n<meta name=\"description\" content=\"Explore the Amazon Service Cart by BLS Consult. Choose services, schedule a consultation, and grow your Amazon sales with expert support.\" \/>\n<meta name=\"robots\" content=\"index, follow, max-snippet:-1, max-image-preview:large, max-video-preview:-1\" \/>\n<link rel=\"canonical\" href=\"https:\/\/blsconsult.com\/de\/amazon-service-cart\/\" \/>\n<meta property=\"og:locale\" content=\"de_DE\" \/>\n<meta property=\"og:type\" content=\"article\" \/>\n<meta property=\"og:title\" content=\"Amazon Service Cart &amp; Consultation\" \/>\n<meta property=\"og:description\" content=\"Explore the Amazon Service Cart by BLS Consult. Choose services, schedule a consultation, and grow your Amazon sales with expert support.\" \/>\n<meta property=\"og:url\" content=\"https:\/\/blsconsult.com\/de\/amazon-service-cart\/\" \/>\n<meta property=\"og:site_name\" content=\"BLS Consulting\" \/>\n<meta property=\"article:modified_time\" content=\"2025-10-08T17:33:30+00:00\" \/>\n<meta name=\"twitter:card\" content=\"summary_large_image\" \/>\n<meta name=\"twitter:label1\" content=\"Gesch\u00e4tzte Lesezeit\" \/>\n\t<meta name=\"twitter:data1\" content=\"1\u00a0Minute\" \/>\n<script type=\"application\/ld+json\" class=\"yoast-schema-graph\">{\"@context\":\"https:\\\/\\\/schema.org\",\"@graph\":[{\"@type\":\"WebPage\",\"@id\":\"https:\\\/\\\/blsconsult.com\\\/amazon-service-cart\\\/\",\"url\":\"https:\\\/\\\/blsconsult.com\\\/amazon-service-cart\\\/\",\"name\":\"Amazon Service Cart &amp; Consultation - BLS Consulting\",\"isPartOf\":{\"@id\":\"https:\\\/\\\/blsconsult.com\\\/#website\"},\"datePublished\":\"2024-11-02T17:39:02+00:00\",\"dateModified\":\"2025-10-08T17:33:30+00:00\",\"description\":\"Explore the Amazon Service Cart by BLS Consult. Choose services, schedule a consultation, and grow your Amazon sales with expert support.\",\"breadcrumb\":{\"@id\":\"https:\\\/\\\/blsconsult.com\\\/amazon-service-cart\\\/#breadcrumb\"},\"inLanguage\":\"de\",\"potentialAction\":[{\"@type\":\"ReadAction\",\"target\":[\"https:\\\/\\\/blsconsult.com\\\/amazon-service-cart\\\/\"]}]},{\"@type\":\"BreadcrumbList\",\"@id\":\"https:\\\/\\\/blsconsult.com\\\/amazon-service-cart\\\/#breadcrumb\",\"itemListElement\":[{\"@type\":\"ListItem\",\"position\":1,\"name\":\"Home\",\"item\":\"https:\\\/\\\/blsconsult.com\\\/\"},{\"@type\":\"ListItem\",\"position\":2,\"name\":\"Amazon Service Cart &amp; Consultation\"}]},{\"@type\":\"WebSite\",\"@id\":\"https:\\\/\\\/blsconsult.com\\\/#website\",\"url\":\"https:\\\/\\\/blsconsult.com\\\/\",\"name\":\"BLS Consult - Digital Marketing Agency\",\"description\":\"BLS Consulting The Best E-Commerce Service Provider &amp; Consultancy Agency German\",\"publisher\":{\"@id\":\"https:\\\/\\\/blsconsult.com\\\/#organization\"},\"alternateName\":\"blsconsult\",\"potentialAction\":[{\"@type\":\"SearchAction\",\"target\":{\"@type\":\"EntryPoint\",\"urlTemplate\":\"https:\\\/\\\/blsconsult.com\\\/?s={search_term_string}\"},\"query-input\":{\"@type\":\"PropertyValueSpecification\",\"valueRequired\":true,\"valueName\":\"search_term_string\"}}],\"inLanguage\":\"de\"},{\"@type\":\"Organization\",\"@id\":\"https:\\\/\\\/blsconsult.com\\\/#organization\",\"name\":\"BLS Consult\",\"alternateName\":\"bls consult marketing agency\",\"url\":\"https:\\\/\\\/blsconsult.com\\\/\",\"logo\":{\"@type\":\"ImageObject\",\"inLanguage\":\"de\",\"@id\":\"https:\\\/\\\/blsconsult.com\\\/#\\\/schema\\\/logo\\\/image\\\/\",\"url\":\"https:\\\/\\\/blsconsult.com\\\/wp-content\\\/uploads\\\/2024\\\/06\\\/cropped-BLS-Consult-logo.png\",\"contentUrl\":\"https:\\\/\\\/blsconsult.com\\\/wp-content\\\/uploads\\\/2024\\\/06\\\/cropped-BLS-Consult-logo.png\",\"width\":250,\"height\":94,\"caption\":\"BLS Consult\"},\"image\":{\"@id\":\"https:\\\/\\\/blsconsult.com\\\/#\\\/schema\\\/logo\\\/image\\\/\"},\"description\":\"BLS Consult Digital Marketing Agency is a dynamic and award-winning firm dedicated to revolutionizing the digital presence of businesses worldwide. With a focus on innovation, creativity, and results-driven strategies, we empower our clients to thrive in today's competitive digital landscape. At BLS Consult, we pride ourselves on our skilled and competent team, comprised of industry experts passionate about delivering exceptional results. From seasoned marketers to creative designers and technical wizards, our diverse talents converge to provide comprehensive digital marketing solutions tailored to meet the unique needs of each client. Driven by a commitment to excellence, we offer a range of services spanning e-commerce optimization, graphics design, video editing, SEO, and web development & design. By harnessing the latest technologies and trends, we craft compelling campaigns and strategies that resonate with target audiences, drive engagement, and ultimately, increase profitability. With a client-centric approach at the core of our operations, we prioritize transparency, communication, and collaboration throughout every project. We believe in forging long-term partnerships built on trust, integrity, and mutual success. At BLS Consult, we don't just meet expectations; we exceed them. Join us on the journey to digital excellence and unlock the full potential of your business in the digital realm.\",\"email\":\"support@blsconsult.com\",\"telephone\":\"+1 (713) 405-7656 Bdsf\",\"legalName\":\"BLS Consult Digital Marketing Agency\",\"foundingDate\":\"2010-12-04\",\"numberOfEmployees\":{\"@type\":\"QuantitativeValue\",\"minValue\":\"11\",\"maxValue\":\"50\"}}]}<\/script>\n<!-- \/ Yoast SEO Premium plugin. -->","yoast_head_json":{"title":"Amazon Service Cart &amp; Consultation - BLS Consulting","description":"Explore the Amazon Service Cart by BLS Consult. Choose services, schedule a consultation, and grow your Amazon sales with expert support.","robots":{"index":"index","follow":"follow","max-snippet":"max-snippet:-1","max-image-preview":"max-image-preview:large","max-video-preview":"max-video-preview:-1"},"canonical":"https:\/\/blsconsult.com\/de\/amazon-service-cart\/","og_locale":"de_DE","og_type":"article","og_title":"Amazon Service Cart &amp; Consultation","og_description":"Explore the Amazon Service Cart by BLS Consult. Choose services, schedule a consultation, and grow your Amazon sales with expert support.","og_url":"https:\/\/blsconsult.com\/de\/amazon-service-cart\/","og_site_name":"BLS Consulting","article_modified_time":"2025-10-08T17:33:30+00:00","twitter_card":"summary_large_image","twitter_misc":{"Gesch\u00e4tzte Lesezeit":"1\u00a0Minute"},"schema":{"@context":"https:\/\/schema.org","@graph":[{"@type":"WebPage","@id":"https:\/\/blsconsult.com\/amazon-service-cart\/","url":"https:\/\/blsconsult.com\/amazon-service-cart\/","name":"Amazon Service Cart &amp; Consultation - BLS Consulting","isPartOf":{"@id":"https:\/\/blsconsult.com\/#website"},"datePublished":"2024-11-02T17:39:02+00:00","dateModified":"2025-10-08T17:33:30+00:00","description":"Explore the Amazon Service Cart by BLS Consult. Choose services, schedule a consultation, and grow your Amazon sales with expert support.","breadcrumb":{"@id":"https:\/\/blsconsult.com\/amazon-service-cart\/#breadcrumb"},"inLanguage":"de","potentialAction":[{"@type":"ReadAction","target":["https:\/\/blsconsult.com\/amazon-service-cart\/"]}]},{"@type":"BreadcrumbList","@id":"https:\/\/blsconsult.com\/amazon-service-cart\/#breadcrumb","itemListElement":[{"@type":"ListItem","position":1,"name":"Home","item":"https:\/\/blsconsult.com\/"},{"@type":"ListItem","position":2,"name":"Amazon Service Cart &amp; Consultation"}]},{"@type":"WebSite","@id":"https:\/\/blsconsult.com\/#website","url":"https:\/\/blsconsult.com\/","name":"BLS Consult - Agentur f\u00fcr digitales Marketing","description":"BLS Consulting Der beste E-Commerce-Dienstleister &amp; die beste Beratungsagentur Deutschlands","publisher":{"@id":"https:\/\/blsconsult.com\/#organization"},"alternateName":"blsconsult","potentialAction":[{"@type":"SearchAction","target":{"@type":"EntryPoint","urlTemplate":"https:\/\/blsconsult.com\/?s={search_term_string}"},"query-input":{"@type":"PropertyValueSpecification","valueRequired":true,"valueName":"search_term_string"}}],"inLanguage":"de"},{"@type":"Organization","@id":"https:\/\/blsconsult.com\/#organization","name":"BLS-Beratung","alternateName":"bls consult marketing agency","url":"https:\/\/blsconsult.com\/","logo":{"@type":"ImageObject","inLanguage":"de","@id":"https:\/\/blsconsult.com\/#\/schema\/logo\/image\/","url":"https:\/\/blsconsult.com\/wp-content\/uploads\/2024\/06\/cropped-BLS-Consult-logo.png","contentUrl":"https:\/\/blsconsult.com\/wp-content\/uploads\/2024\/06\/cropped-BLS-Consult-logo.png","width":250,"height":94,"caption":"BLS Consult"},"image":{"@id":"https:\/\/blsconsult.com\/#\/schema\/logo\/image\/"},"description":"BLS Consult Digital Marketing Agency ist ein dynamisches und preisgekr\u00f6ntes Unternehmen, das sich der Revolutionierung der digitalen Pr\u00e4senz von Unternehmen weltweit verschrieben hat. Mit unserem Fokus auf Innovation, Kreativit\u00e4t und ergebnisorientierten Strategien bef\u00e4higen wir unsere Kunden, in der heutigen wettbewerbsintensiven digitalen Landschaft erfolgreich zu sein. Wir bei BLS Consult sind stolz auf unser qualifiziertes und kompetentes Team, das sich aus Branchenexperten zusammensetzt, die mit Leidenschaft au\u00dfergew\u00f6hnliche Ergebnisse liefern. Von erfahrenen Marketingfachleuten bis hin zu kreativen Designern und technischen Experten - unsere vielf\u00e4ltigen Talente kommen zusammen, um umfassende digitale Marketingl\u00f6sungen anzubieten, die auf die individuellen Bed\u00fcrfnisse jedes Kunden zugeschnitten sind. Wir bieten eine Reihe von Dienstleistungen an, die E-Commerce-Optimierung, Grafikdesign, Videobearbeitung, SEO sowie Webentwicklung und -design umfassen. Durch die Nutzung der neuesten Technologien und Trends entwickeln wir \u00fcberzeugende Kampagnen und Strategien, die bei den Zielgruppen Anklang finden, das Engagement f\u00f6rdern und letztendlich die Rentabilit\u00e4t steigern. Mit einem kundenzentrierten Ansatz als Kernst\u00fcck unserer Arbeit legen wir bei jedem Projekt gr\u00f6\u00dften Wert auf Transparenz, Kommunikation und Zusammenarbeit. Wir glauben an den Aufbau langfristiger Partnerschaften, die auf Vertrauen, Integrit\u00e4t und beiderseitigem Erfolg beruhen. Bei BLS Consult erf\u00fcllen wir nicht nur Erwartungen, wir \u00fcbertreffen sie. Begleiten Sie uns auf dem Weg zur digitalen Exzellenz und sch\u00f6pfen Sie das Potenzial Ihres Unternehmens im digitalen Bereich voll aus.","email":"support@blsconsult.com","telephone":"+1 (713) 405-7656 Bdsf","legalName":"BLS Consult Digital Marketing Agency","foundingDate":"2010-12-04","numberOfEmployees":{"@type":"QuantitativeValue","minValue":"11","maxValue":"50"}}]}},"_links":{"self":[{"href":"https:\/\/blsconsult.com\/de\/wp-json\/wp\/v2\/pages\/8128","targetHints":{"allow":["GET"]}}],"collection":[{"href":"https:\/\/blsconsult.com\/de\/wp-json\/wp\/v2\/pages"}],"about":[{"href":"https:\/\/blsconsult.com\/de\/wp-json\/wp\/v2\/types\/page"}],"author":[{"embeddable":true,"href":"https:\/\/blsconsult.com\/de\/wp-json\/wp\/v2\/users\/2"}],"replies":[{"embeddable":true,"href":"https:\/\/blsconsult.com\/de\/wp-json\/wp\/v2\/comments?post=8128"}],"version-history":[{"count":17,"href":"https:\/\/blsconsult.com\/de\/wp-json\/wp\/v2\/pages\/8128\/revisions"}],"predecessor-version":[{"id":10832,"href":"https:\/\/blsconsult.com\/de\/wp-json\/wp\/v2\/pages\/8128\/revisions\/10832"}],"wp:attachment":[{"href":"https:\/\/blsconsult.com\/de\/wp-json\/wp\/v2\/media?parent=8128"}],"curies":[{"name":"wp","href":"https:\/\/api.w.org\/{rel}","templated":true}]}}